{"id":5064,"date":"2026-03-09T05:57:33","date_gmt":"2026-03-09T05:57:33","guid":{"rendered":"https:\/\/zafit.ro\/?page_id=5064"},"modified":"2026-03-09T08:10:08","modified_gmt":"2026-03-09T08:10:08","slug":"stress-free-fit-out","status":"publish","type":"page","link":"https:\/\/zafit.ro\/en\/stress-free-fit-out\/","title":{"rendered":"stress free fit out"},"content":{"rendered":"<div data-elementor-type=\"wp-page\" data-elementor-id=\"5064\" class=\"elementor elementor-5064\" data-elementor-post-type=\"page\">\n\t\t\t\t<div class=\"elementor-element elementor-element-cccdb28 e-flex e-con-boxed e-con e-parent\" data-id=\"cccdb28\" data-element_type=\"container\" data-settings=\"{&quot;_ob_use_container_extras&quot;:&quot;no&quot;,&quot;_ob_column_hoveranimator&quot;:&quot;no&quot;,&quot;_ob_glider_is_slider&quot;:&quot;no&quot;,&quot;_ob_column_has_pseudo&quot;:&quot;no&quot;}\">\n\t\t\t\t\t<div class=\"e-con-inner\">\n\t\t\t\t<div class=\"elementor-element elementor-element-9454479 ob-has-background-overlay elementor-widget elementor-widget-theme-site-logo elementor-widget-image\" data-id=\"9454479\" data-element_type=\"widget\" data-settings=\"{&quot;_ob_widget_stalker_use&quot;:&quot;no&quot;,&quot;_ob_poopart_use&quot;:&quot;yes&quot;,&quot;_ob_shadough_use&quot;:&quot;no&quot;,&quot;_ob_allow_hoveranimator&quot;:&quot;no&quot;}\" data-widget_type=\"theme-site-logo.default\">\n\t\t\t\t<div class=\"elementor-widget-container\">\n\t\t\t\t\t\t\t\t\t<a href=\"https:\/\/zafit.ro\/en\">\n\t\t\t<img fetchpriority=\"high\" decoding=\"async\" width=\"600\" height=\"319\" src=\"https:\/\/zafit.ro\/wp-content\/uploads\/2023\/12\/Zafit_LP.png\" class=\"attachment-full size-full wp-image-36\" alt=\"\" srcset=\"https:\/\/zafit.ro\/wp-content\/uploads\/2023\/12\/Zafit_LP.png 600w, https:\/\/zafit.ro\/wp-content\/uploads\/2023\/12\/Zafit_LP-300x160.png 300w\" sizes=\"(max-width: 600px) 100vw, 600px\" \/>\t\t\t\t<\/a>\n\t\t\t\t\t\t\t\t\t<\/div>\n\t\t\t\t<\/div>\n\t\t\t\t\t<\/div>\n\t\t\t\t<\/div>\n\t\t<div class=\"elementor-element elementor-element-cf0075c e-flex e-con-boxed e-con e-parent\" data-id=\"cf0075c\" data-element_type=\"container\" data-settings=\"{&quot;_ob_use_container_extras&quot;:&quot;no&quot;,&quot;_ob_column_hoveranimator&quot;:&quot;no&quot;,&quot;_ob_glider_is_slider&quot;:&quot;no&quot;,&quot;_ob_column_has_pseudo&quot;:&quot;no&quot;}\">\n\t\t\t\t\t<div class=\"e-con-inner\">\n\t\t\t\t<div class=\"elementor-element elementor-element-7a22c62 elementor-widget__width-initial ob-harakiri-inherit ob-has-background-overlay elementor-widget elementor-widget-heading\" data-id=\"7a22c62\" data-element_type=\"widget\" data-settings=\"{&quot;_ob_use_harakiri&quot;:&quot;yes&quot;,&quot;_ob_harakiri_writing_mode&quot;:&quot;inherit&quot;,&quot;_ob_harakiri_text_clip&quot;:&quot;none&quot;,&quot;_ob_widget_stalker_use&quot;:&quot;no&quot;,&quot;_ob_poopart_use&quot;:&quot;yes&quot;,&quot;_ob_shadough_use&quot;:&quot;no&quot;,&quot;_ob_allow_hoveranimator&quot;:&quot;no&quot;}\" data-widget_type=\"heading.default\">\n\t\t\t\t<div class=\"elementor-widget-container\">\n\t\t\t<h2 class=\"elementor-heading-title elementor-size-default\">stress free fit out<\/h2>\t\t<\/div>\n\t\t\t\t<\/div>\n\t\t\t\t<div class=\"elementor-element elementor-element-eba9f7a ob-harakiri-inherit ob-has-background-overlay elementor-widget elementor-widget-text-editor\" data-id=\"eba9f7a\" data-element_type=\"widget\" data-settings=\"{&quot;_ob_use_harakiri&quot;:&quot;yes&quot;,&quot;_ob_harakiri_writing_mode&quot;:&quot;inherit&quot;,&quot;_ob_postman_use&quot;:&quot;no&quot;,&quot;_ob_widget_stalker_use&quot;:&quot;no&quot;,&quot;_ob_poopart_use&quot;:&quot;yes&quot;,&quot;_ob_shadough_use&quot;:&quot;no&quot;,&quot;_ob_allow_hoveranimator&quot;:&quot;no&quot;}\" data-widget_type=\"text-editor.default\">\n\t\t\t\t<div class=\"elementor-widget-container\">\n\t\t\t\t\t\t\t<h1>We like to do our job well. It is our business card and the guarantee of the success of your company and ours.<\/h1>\t\t\t\t\t\t<\/div>\n\t\t\t\t<\/div>\n\t\t\t\t\t<\/div>\n\t\t\t\t<\/div>\n\t\t<div class=\"elementor-element elementor-element-2032ade e-flex e-con-boxed e-con e-parent\" data-id=\"2032ade\" data-element_type=\"container\" data-settings=\"{&quot;_ob_use_container_extras&quot;:&quot;no&quot;,&quot;_ob_column_hoveranimator&quot;:&quot;no&quot;,&quot;_ob_glider_is_slider&quot;:&quot;no&quot;,&quot;_ob_column_has_pseudo&quot;:&quot;no&quot;}\">\n\t\t\t\t\t<div class=\"e-con-inner\">\n\t\t\t\t<div class=\"elementor-element elementor-element-088d98f ob-has-background-overlay elementor-widget elementor-widget-pdf_smart_viewer\" data-id=\"088d98f\" data-element_type=\"widget\" data-settings=\"{&quot;_ob_widget_stalker_use&quot;:&quot;no&quot;,&quot;_ob_poopart_use&quot;:&quot;yes&quot;,&quot;_ob_shadough_use&quot;:&quot;no&quot;,&quot;_ob_allow_hoveranimator&quot;:&quot;no&quot;}\" data-widget_type=\"pdf_smart_viewer.default\">\n\t\t\t\t<div class=\"elementor-widget-container\">\n\t\t\t        <div class=\"epsv-container\" id=\"epsv-088d98f\"\n            data-pdf-url=\"https:\/\/zafit.ro\/wp-content\/uploads\/2026\/03\/Zafit_Prezentare_02.2026.pdf\"\n            data-widget-id=\"088d98f\"\n            data-initial-zoom=\"1\"\n            data-show-zoom=\"true\"\n            data-show-fullscreen=\"true\"\n            data-show-download=\"true\"\n            data-show-print=\"false\"\n            data-show-page-info=\"true\">\n\n            <div class=\"epsv-viewer\">\n                <canvas class=\"epsv-canvas\"><\/canvas>\n                <div class=\"epsv-loading\">\n                    <div class=\"epsv-spinner\"><\/div>\n                    <p>Loading PDF...<\/p>\n                <\/div>\n                <div class=\"epsv-error\" style=\"display: none;\">\n                    <p>Error loading PDF. Please check the URL or file.<\/p>\n                <\/div>\n            <\/div>\n\n                            <div class=\"epsv-controls\">\n                    <div class=\"epsv-controls-left\">\n                        <button class=\"epsv-btn epsv-zoom-out\" title=\"Zoom Out\">\n                            <span class=\"epsv-icon\">\u2212<\/span>\n                        <\/button>\n                        <button class=\"epsv-btn epsv-zoom-in\" title=\"Zoom In\">\n                            <span class=\"epsv-icon\">+<\/span>\n                        <\/button>\n                    <\/div>\n                    <div class=\"epsv-controls-center\">\n                        <button class=\"epsv-btn epsv-prev\" title=\"Previous Page\">\n                            <span class=\"epsv-icon\">&#8592;<\/span>\n                        <\/button>\n                                                    <div class=\"epsv-page-info\">\n                                <span class=\"epsv-page-current\">1<\/span>\n                                <span class=\"epsv-page-separator\">\/<\/span>\n                                <span class=\"epsv-page-total\">1<\/span>\n                            <\/div>\n                                                <button class=\"epsv-btn epsv-next\" title=\"Next Page\">\n                            <span class=\"epsv-icon\">&#8594;<\/span>\n                        <\/button>\n                    <\/div>\n                    <div class=\"epsv-controls-right\">\n                                                    <button class=\"epsv-btn epsv-fullscreen\" title=\"Fullscreen\">\n                                <span class=\"epsv-icon\">\u26f6<\/span>\n                            <\/button>\n                                                                            <button class=\"epsv-btn epsv-download\" title=\"Download\">\n                                <span class=\"epsv-icon\">\u2193<\/span>\n                            <\/button>\n                                                                    <\/div>\n                <\/div>\n                    <\/div>\n        \t\t<\/div>\n\t\t\t\t<\/div>\n\t\t\t\t\t<\/div>\n\t\t\t\t<\/div>\n\t\t<div class=\"elementor-element elementor-element-b203f18 e-flex e-con-boxed e-con e-parent\" data-id=\"b203f18\" data-element_type=\"container\" data-settings=\"{&quot;_ob_use_container_extras&quot;:&quot;no&quot;,&quot;_ob_column_hoveranimator&quot;:&quot;no&quot;,&quot;_ob_glider_is_slider&quot;:&quot;no&quot;,&quot;_ob_column_has_pseudo&quot;:&quot;no&quot;}\">\n\t\t\t\t\t<div class=\"e-con-inner\">\n\t\t\t\t<div class=\"elementor-element elementor-element-9f1ef51 ob-harakiri-inherit ob-has-background-overlay elementor-widget elementor-widget-text-editor\" data-id=\"9f1ef51\" data-element_type=\"widget\" data-settings=\"{&quot;_ob_use_harakiri&quot;:&quot;yes&quot;,&quot;_ob_harakiri_writing_mode&quot;:&quot;inherit&quot;,&quot;_ob_postman_use&quot;:&quot;no&quot;,&quot;_ob_widget_stalker_use&quot;:&quot;no&quot;,&quot;_ob_poopart_use&quot;:&quot;yes&quot;,&quot;_ob_shadough_use&quot;:&quot;no&quot;,&quot;_ob_allow_hoveranimator&quot;:&quot;no&quot;}\" data-widget_type=\"text-editor.default\">\n\t\t\t\t<div class=\"elementor-widget-container\">\n\t\t\t\t\t\t\t<p><a href=\"https:\/\/zafit.ro\/en\/portofoliu\/\" target=\"_blank\" rel=\"noopener\">Vezi toate proiectele<\/a> \/ <a href=\"https:\/\/zafit.ro\/en\/contact\/\" target=\"_blank\" rel=\"noopener\">Hai sa ne cunoa\u0219tem<\/a> \/ <a href=\"https:\/\/zafit.ro\/en\/\" target=\"_blank\" rel=\"noopener\">zafit.ro<\/a><\/p>\t\t\t\t\t\t<\/div>\n\t\t\t\t<\/div>\n\t\t\t\t\t<\/div>\n\t\t\t\t<\/div>\n\t\t\t\t<\/div>","protected":false},"excerpt":{"rendered":"<p>stress free fit out Ne place s\u0103 ne facem treaba bine. E cartea noastr\u0103 de vizit\u0103 \u0219i garan\u021bia succesului companiei tale \u0219i a noastre. Loading PDF&#8230; Error loading PDF. Please check the URL or file. \u2212 + &#8592; 1 \/ 1 &#8594; \u26f6 \u2193 Vezi toate proiectele \/ Hai sa ne cunoa\u0219tem \/ zafit.ro<\/p>","protected":false},"author":2,"featured_media":0,"parent":0,"menu_order":0,"comment_status":"closed","ping_status":"closed","template":"elementor_canvas","meta":{"footnotes":""},"class_list":["post-5064","page","type-page","status-publish","hentry"],"acf":[],"yoast_head":"<!-- This site is optimized with the Yoast SEO Premium plugin v22.4 (Yoast SEO v23.8) - https:\/\/yoast.com\/wordpress\/plugins\/seo\/ -->\n<title>stress free fit out &#8212; Zafit<\/title>\n<meta name=\"robots\" content=\"index, follow, max-snippet:-1, max-image-preview:large, max-video-preview:-1\" \/>\n<link rel=\"canonical\" href=\"https:\/\/zafit.ro\/en\/stress-free-fit-out\/\" \/>\n<meta property=\"og:locale\" content=\"en_US\" \/>\n<meta property=\"og:type\" content=\"article\" \/>\n<meta property=\"og:title\" content=\"stress free fit out\" \/>\n<meta property=\"og:description\" content=\"stress free fit out Ne place s\u0103 ne facem treaba bine. E cartea noastr\u0103 de vizit\u0103 \u0219i garan\u021bia succesului companiei tale \u0219i a noastre. Loading PDF&#8230; Error loading PDF. Please check the URL or file. \u2212 + &#8592; 1 \/ 1 &#8594; \u26f6 \u2193 Vezi toate proiectele \/ Hai sa ne cunoa\u0219tem \/ zafit.ro\" \/>\n<meta property=\"og:url\" content=\"https:\/\/zafit.ro\/en\/stress-free-fit-out\/\" \/>\n<meta property=\"og:site_name\" content=\"Zafit\" \/>\n<meta property=\"article:publisher\" content=\"https:\/\/www.facebook.com\/zafit.ro\/\" \/>\n<meta property=\"article:modified_time\" content=\"2026-03-09T08:10:08+00:00\" \/>\n<meta property=\"og:image\" content=\"https:\/\/zafit.ro\/wp-content\/uploads\/2024\/04\/Zafit_SiteImage.png\" \/>\n\t<meta property=\"og:image:width\" content=\"2000\" \/>\n\t<meta property=\"og:image:height\" content=\"1387\" \/>\n\t<meta property=\"og:image:type\" content=\"image\/png\" \/>\n<meta name=\"twitter:card\" content=\"summary_large_image\" \/>\n<meta name=\"twitter:label1\" content=\"Est. reading time\" \/>\n\t<meta name=\"twitter:data1\" content=\"1 minute\" \/>\n<script type=\"application\/ld+json\" class=\"yoast-schema-graph\">{\"@context\":\"https:\/\/schema.org\",\"@graph\":[{\"@type\":\"WebPage\",\"@id\":\"https:\/\/zafit.ro\/stress-free-fit-out\/\",\"url\":\"https:\/\/zafit.ro\/stress-free-fit-out\/\",\"name\":\"stress free fit out &#8212; Zafit\",\"isPartOf\":{\"@id\":\"https:\/\/zafit.ro\/#website\"},\"datePublished\":\"2026-03-09T05:57:33+00:00\",\"dateModified\":\"2026-03-09T08:10:08+00:00\",\"breadcrumb\":{\"@id\":\"https:\/\/zafit.ro\/stress-free-fit-out\/#breadcrumb\"},\"inLanguage\":\"en-US\",\"potentialAction\":[{\"@type\":\"ReadAction\",\"target\":[\"https:\/\/zafit.ro\/stress-free-fit-out\/\"]}]},{\"@type\":\"BreadcrumbList\",\"@id\":\"https:\/\/zafit.ro\/stress-free-fit-out\/#breadcrumb\",\"itemListElement\":[{\"@type\":\"ListItem\",\"position\":1,\"name\":\"Home\",\"item\":\"https:\/\/zafit.ro\/\"},{\"@type\":\"ListItem\",\"position\":2,\"name\":\"stress free fit out\"}]},{\"@type\":\"WebSite\",\"@id\":\"https:\/\/zafit.ro\/#website\",\"url\":\"https:\/\/zafit.ro\/\",\"name\":\"Zafit\",\"description\":\"Stress free fit out\",\"publisher\":{\"@id\":\"https:\/\/zafit.ro\/#organization\"},\"potentialAction\":[{\"@type\":\"SearchAction\",\"target\":{\"@type\":\"EntryPoint\",\"urlTemplate\":\"https:\/\/zafit.ro\/?s={search_term_string}\"},\"query-input\":{\"@type\":\"PropertyValueSpecification\",\"valueRequired\":true,\"valueName\":\"search_term_string\"}}],\"inLanguage\":\"en-US\"},{\"@type\":\"Organization\",\"@id\":\"https:\/\/zafit.ro\/#organization\",\"name\":\"Zafit\",\"alternateName\":\"Zafit\",\"url\":\"https:\/\/zafit.ro\/\",\"logo\":{\"@type\":\"ImageObject\",\"inLanguage\":\"en-US\",\"@id\":\"https:\/\/zafit.ro\/#\/schema\/logo\/image\/\",\"url\":\"https:\/\/zafit.ro\/wp-content\/uploads\/2024\/04\/Zafit_Site_Logo.png\",\"contentUrl\":\"https:\/\/zafit.ro\/wp-content\/uploads\/2024\/04\/Zafit_Site_Logo.png\",\"width\":2000,\"height\":2000,\"caption\":\"Zafit\"},\"image\":{\"@id\":\"https:\/\/zafit.ro\/#\/schema\/logo\/image\/\"},\"sameAs\":[\"https:\/\/www.facebook.com\/zafit.ro\/\",\"https:\/\/www.instagram.com\/zafit.ro\/\"],\"description\":\"Suntem o companie de fit out cu experien\u021b\u0103, care ofer\u0103 servicii complete pentru birouri \u0219i spa\u021bii comerciale.\",\"email\":\"office@zafit.ro\",\"telephone\":\"+40 771 428 170\",\"legalName\":\"Zafit SRL\"}]}<\/script>\n<!-- \/ Yoast SEO Premium plugin. -->","yoast_head_json":{"title":"stress free fit out &#8212; Zafit","robots":{"index":"index","follow":"follow","max-snippet":"max-snippet:-1","max-image-preview":"max-image-preview:large","max-video-preview":"max-video-preview:-1"},"canonical":"https:\/\/zafit.ro\/en\/stress-free-fit-out\/","og_locale":"en_US","og_type":"article","og_title":"stress free fit out","og_description":"stress free fit out Ne place s\u0103 ne facem treaba bine. E cartea noastr\u0103 de vizit\u0103 \u0219i garan\u021bia succesului companiei tale \u0219i a noastre. Loading PDF&#8230; Error loading PDF. Please check the URL or file. \u2212 + &#8592; 1 \/ 1 &#8594; \u26f6 \u2193 Vezi toate proiectele \/ Hai sa ne cunoa\u0219tem \/ zafit.ro","og_url":"https:\/\/zafit.ro\/en\/stress-free-fit-out\/","og_site_name":"Zafit","article_publisher":"https:\/\/www.facebook.com\/zafit.ro\/","article_modified_time":"2026-03-09T08:10:08+00:00","og_image":[{"width":2000,"height":1387,"url":"https:\/\/zafit.ro\/wp-content\/uploads\/2024\/04\/Zafit_SiteImage.png","type":"image\/png"}],"twitter_card":"summary_large_image","twitter_misc":{"Est. reading time":"1 minute"},"schema":{"@context":"https:\/\/schema.org","@graph":[{"@type":"WebPage","@id":"https:\/\/zafit.ro\/stress-free-fit-out\/","url":"https:\/\/zafit.ro\/stress-free-fit-out\/","name":"stress free fit out &#8212; Zafit","isPartOf":{"@id":"https:\/\/zafit.ro\/#website"},"datePublished":"2026-03-09T05:57:33+00:00","dateModified":"2026-03-09T08:10:08+00:00","breadcrumb":{"@id":"https:\/\/zafit.ro\/stress-free-fit-out\/#breadcrumb"},"inLanguage":"en-US","potentialAction":[{"@type":"ReadAction","target":["https:\/\/zafit.ro\/stress-free-fit-out\/"]}]},{"@type":"BreadcrumbList","@id":"https:\/\/zafit.ro\/stress-free-fit-out\/#breadcrumb","itemListElement":[{"@type":"ListItem","position":1,"name":"Home","item":"https:\/\/zafit.ro\/"},{"@type":"ListItem","position":2,"name":"stress free fit out"}]},{"@type":"WebSite","@id":"https:\/\/zafit.ro\/#website","url":"https:\/\/zafit.ro\/","name":"Zafit","description":"Stress free fit out","publisher":{"@id":"https:\/\/zafit.ro\/#organization"},"potentialAction":[{"@type":"SearchAction","target":{"@type":"EntryPoint","urlTemplate":"https:\/\/zafit.ro\/?s={search_term_string}"},"query-input":{"@type":"PropertyValueSpecification","valueRequired":true,"valueName":"search_term_string"}}],"inLanguage":"en-US"},{"@type":"Organization","@id":"https:\/\/zafit.ro\/#organization","name":"Zafit","alternateName":"Zafit","url":"https:\/\/zafit.ro\/","logo":{"@type":"ImageObject","inLanguage":"en-US","@id":"https:\/\/zafit.ro\/#\/schema\/logo\/image\/","url":"https:\/\/zafit.ro\/wp-content\/uploads\/2024\/04\/Zafit_Site_Logo.png","contentUrl":"https:\/\/zafit.ro\/wp-content\/uploads\/2024\/04\/Zafit_Site_Logo.png","width":2000,"height":2000,"caption":"Zafit"},"image":{"@id":"https:\/\/zafit.ro\/#\/schema\/logo\/image\/"},"sameAs":["https:\/\/www.facebook.com\/zafit.ro\/","https:\/\/www.instagram.com\/zafit.ro\/"],"description":"Suntem o companie de fit out cu experien\u021b\u0103, care ofer\u0103 servicii complete pentru birouri \u0219i spa\u021bii comerciale.","email":"office@zafit.ro","telephone":"+40 771 428 170","legalName":"Zafit SRL"}]}},"_links":{"self":[{"href":"https:\/\/zafit.ro\/en\/wp-json\/wp\/v2\/pages\/5064"}],"collection":[{"href":"https:\/\/zafit.ro\/en\/wp-json\/wp\/v2\/pages"}],"about":[{"href":"https:\/\/zafit.ro\/en\/wp-json\/wp\/v2\/types\/page"}],"author":[{"embeddable":true,"href":"https:\/\/zafit.ro\/en\/wp-json\/wp\/v2\/users\/2"}],"replies":[{"embeddable":true,"href":"https:\/\/zafit.ro\/en\/wp-json\/wp\/v2\/comments?post=5064"}],"version-history":[{"count":94,"href":"https:\/\/zafit.ro\/en\/wp-json\/wp\/v2\/pages\/5064\/revisions"}],"predecessor-version":[{"id":5164,"href":"https:\/\/zafit.ro\/en\/wp-json\/wp\/v2\/pages\/5064\/revisions\/5164"}],"wp:attachment":[{"href":"https:\/\/zafit.ro\/en\/wp-json\/wp\/v2\/media?parent=5064"}],"curies":[{"name":"wp","href":"https:\/\/api.w.org\/{rel}","templated":true}]}}