{"id":2105,"date":"2024-01-20T07:18:44","date_gmt":"2024-01-20T07:18:44","guid":{"rendered":"https:\/\/zafit.ro\/?page_id=2105"},"modified":"2024-05-06T06:13:40","modified_gmt":"2024-05-06T06:13:40","slug":"succes-formular","status":"publish","type":"page","link":"https:\/\/zafit.ro\/en\/succes-formular\/","title":{"rendered":"Succes formular"},"content":{"rendered":"<div data-elementor-type=\"wp-page\" data-elementor-id=\"2105\" class=\"elementor elementor-2105\" data-elementor-post-type=\"page\">\n\t\t\t\t<div class=\"elementor-element elementor-element-ab3b060 e-flex e-con-boxed e-con e-parent\" data-id=\"ab3b060\" data-element_type=\"container\" data-settings=\"{&quot;_ob_use_container_extras&quot;:&quot;no&quot;,&quot;_ob_column_hoveranimator&quot;:&quot;no&quot;,&quot;_ob_glider_is_slider&quot;:&quot;no&quot;,&quot;_ob_column_has_pseudo&quot;:&quot;no&quot;}\">\n\t\t\t\t\t<div class=\"e-con-inner\">\n\t\t\t\t<div class=\"elementor-element elementor-element-5cce49a ob-harakiri-inherit ob-has-background-overlay elementor-widget elementor-widget-heading\" data-id=\"5cce49a\" data-element_type=\"widget\" data-settings=\"{&quot;_ob_use_harakiri&quot;:&quot;yes&quot;,&quot;_ob_harakiri_writing_mode&quot;:&quot;inherit&quot;,&quot;_ob_harakiri_text_clip&quot;:&quot;none&quot;,&quot;_ob_widget_stalker_use&quot;:&quot;no&quot;,&quot;_ob_poopart_use&quot;:&quot;yes&quot;,&quot;_ob_shadough_use&quot;:&quot;no&quot;,&quot;_ob_allow_hoveranimator&quot;:&quot;no&quot;}\" data-widget_type=\"heading.default\">\n\t\t\t\t<div class=\"elementor-widget-container\">\n\t\t\t<h2 class=\"elementor-heading-title elementor-size-default\">Succes<\/h2>\t\t<\/div>\n\t\t\t\t<\/div>\n\t\t\t\t<div class=\"elementor-element elementor-element-d7ee2e4 ob-harakiri-inherit ob-has-background-overlay elementor-widget elementor-widget-heading\" data-id=\"d7ee2e4\" data-element_type=\"widget\" data-settings=\"{&quot;_ob_use_harakiri&quot;:&quot;yes&quot;,&quot;_ob_harakiri_writing_mode&quot;:&quot;inherit&quot;,&quot;_ob_harakiri_text_clip&quot;:&quot;none&quot;,&quot;_ob_widget_stalker_use&quot;:&quot;no&quot;,&quot;_ob_poopart_use&quot;:&quot;yes&quot;,&quot;_ob_shadough_use&quot;:&quot;no&quot;,&quot;_ob_allow_hoveranimator&quot;:&quot;no&quot;}\" data-widget_type=\"heading.default\">\n\t\t\t\t<div class=\"elementor-widget-container\">\n\t\t\t<h2 class=\"elementor-heading-title elementor-size-default\">Formular trimis cu succes<\/h2>\t\t<\/div>\n\t\t\t\t<\/div>\n\t\t\t\t<div class=\"elementor-element elementor-element-8ea8f46 elementor-widget__width-initial ob-harakiri-inherit ob-has-background-overlay elementor-widget elementor-widget-heading\" data-id=\"8ea8f46\" data-element_type=\"widget\" data-settings=\"{&quot;_ob_use_harakiri&quot;:&quot;yes&quot;,&quot;_ob_harakiri_writing_mode&quot;:&quot;inherit&quot;,&quot;_ob_harakiri_text_clip&quot;:&quot;none&quot;,&quot;_ob_widget_stalker_use&quot;:&quot;no&quot;,&quot;_ob_poopart_use&quot;:&quot;yes&quot;,&quot;_ob_shadough_use&quot;:&quot;no&quot;,&quot;_ob_allow_hoveranimator&quot;:&quot;no&quot;}\" data-widget_type=\"heading.default\">\n\t\t\t\t<div class=\"elementor-widget-container\">\n\t\t\t<h2 class=\"elementor-heading-title elementor-size-default\">\u00ce\u021bi mul\u021bumim! Vom reveni c\u0103tre tine \u00een cel mai scurt timp posibil<\/h2>\t\t<\/div>\n\t\t\t\t<\/div>\n\t\t\t\t<div class=\"elementor-element elementor-element-b32926c ob-harakiri-inherit ob-has-background-overlay elementor-widget elementor-widget-heading\" data-id=\"b32926c\" data-element_type=\"widget\" data-settings=\"{&quot;_ob_use_harakiri&quot;:&quot;yes&quot;,&quot;_ob_harakiri_writing_mode&quot;:&quot;inherit&quot;,&quot;_ob_harakiri_text_clip&quot;:&quot;none&quot;,&quot;_ob_widget_stalker_use&quot;:&quot;no&quot;,&quot;_ob_poopart_use&quot;:&quot;yes&quot;,&quot;_ob_shadough_use&quot;:&quot;no&quot;,&quot;_ob_allow_hoveranimator&quot;:&quot;no&quot;}\" data-widget_type=\"heading.default\">\n\t\t\t\t<div class=\"elementor-widget-container\">\n\t\t\t<h2 class=\"elementor-heading-title elementor-size-default\">Urm\u0103re\u0219te-ne pe<\/h2>\t\t<\/div>\n\t\t\t\t<\/div>\n\t\t\t\t<div class=\"elementor-element elementor-element-912445e elementor-shape-square elementor-grid-0 e-grid-align-center ob-has-background-overlay elementor-widget elementor-widget-social-icons\" data-id=\"912445e\" data-element_type=\"widget\" data-settings=\"{&quot;_ob_widget_stalker_use&quot;:&quot;no&quot;,&quot;_ob_poopart_use&quot;:&quot;yes&quot;,&quot;_ob_shadough_use&quot;:&quot;no&quot;,&quot;_ob_allow_hoveranimator&quot;:&quot;no&quot;}\" data-widget_type=\"social-icons.default\">\n\t\t\t\t<div class=\"elementor-widget-container\">\n\t\t\t\t\t<div class=\"elementor-social-icons-wrapper elementor-grid\">\n\t\t\t\t\t\t\t<span class=\"elementor-grid-item\">\n\t\t\t\t\t<a class=\"elementor-icon elementor-social-icon elementor-social-icon-facebook elementor-repeater-item-dcae628\" href=\"https:\/\/www.facebook.com\/zafit.ro\" target=\"_blank\">\n\t\t\t\t\t\t<span class=\"elementor-screen-only\">Facebook<\/span>\n\t\t\t\t\t\t<svg class=\"e-font-icon-svg e-fab-facebook\" viewbox=\"0 0 512 512\" xmlns=\"http:\/\/www.w3.org\/2000\/svg\"><path d=\"M504 256C504 119 393 8 256 8S8 119 8 256c0 123.78 90.69 226.38 209.25 245V327.69h-63V256h63v-54.64c0-62.15 37-96.48 93.67-96.48 27.14 0 55.52 4.84 55.52 4.84v61h-31.28c-30.8 0-40.41 19.12-40.41 38.73V256h68.78l-11 71.69h-57.78V501C413.31 482.38 504 379.78 504 256z\"><\/path><\/svg>\t\t\t\t\t<\/a>\n\t\t\t\t<\/span>\n\t\t\t\t\t\t\t<span class=\"elementor-grid-item\">\n\t\t\t\t\t<a class=\"elementor-icon elementor-social-icon elementor-social-icon-instagram elementor-repeater-item-50a4024\" href=\"https:\/\/www.instagram.com\/zafit.ro\/\" target=\"_blank\">\n\t\t\t\t\t\t<span class=\"elementor-screen-only\">Instagram<\/span>\n\t\t\t\t\t\t<svg class=\"e-font-icon-svg e-fab-instagram\" viewbox=\"0 0 448 512\" xmlns=\"http:\/\/www.w3.org\/2000\/svg\"><path d=\"M224.1 141c-63.6 0-114.9 51.3-114.9 114.9s51.3 114.9 114.9 114.9S339 319.5 339 255.9 287.7 141 224.1 141zm0 189.6c-41.1 0-74.7-33.5-74.7-74.7s33.5-74.7 74.7-74.7 74.7 33.5 74.7 74.7-33.6 74.7-74.7 74.7zm146.4-194.3c0 14.9-12 26.8-26.8 26.8-14.9 0-26.8-12-26.8-26.8s12-26.8 26.8-26.8 26.8 12 26.8 26.8zm76.1 27.2c-1.7-35.9-9.9-67.7-36.2-93.9-26.2-26.2-58-34.4-93.9-36.2-37-2.1-147.9-2.1-184.9 0-35.8 1.7-67.6 9.9-93.9 36.1s-34.4 58-36.2 93.9c-2.1 37-2.1 147.9 0 184.9 1.7 35.9 9.9 67.7 36.2 93.9s58 34.4 93.9 36.2c37 2.1 147.9 2.1 184.9 0 35.9-1.7 67.7-9.9 93.9-36.2 26.2-26.2 34.4-58 36.2-93.9 2.1-37 2.1-147.8 0-184.8zM398.8 388c-7.8 19.6-22.9 34.7-42.6 42.6-29.5 11.7-99.5 9-132.1 9s-102.7 2.6-132.1-9c-19.6-7.8-34.7-22.9-42.6-42.6-11.7-29.5-9-99.5-9-132.1s-2.6-102.7 9-132.1c7.8-19.6 22.9-34.7 42.6-42.6 29.5-11.7 99.5-9 132.1-9s102.7-2.6 132.1 9c19.6 7.8 34.7 22.9 42.6 42.6 11.7 29.5 9 99.5 9 132.1s2.7 102.7-9 132.1z\"><\/path><\/svg>\t\t\t\t\t<\/a>\n\t\t\t\t<\/span>\n\t\t\t\t\t\t\t<span class=\"elementor-grid-item\">\n\t\t\t\t\t<a class=\"elementor-icon elementor-social-icon elementor-social-icon-linkedin elementor-repeater-item-900f4f8\" href=\"https:\/\/www.linkedin.com\/company\/zafitro\" target=\"_blank\">\n\t\t\t\t\t\t<span class=\"elementor-screen-only\">Linkedin<\/span>\n\t\t\t\t\t\t<svg class=\"e-font-icon-svg e-fab-linkedin\" viewbox=\"0 0 448 512\" xmlns=\"http:\/\/www.w3.org\/2000\/svg\"><path d=\"M416 32H31.9C14.3 32 0 46.5 0 64.3v383.4C0 465.5 14.3 480 31.9 480H416c17.6 0 32-14.5 32-32.3V64.3c0-17.8-14.4-32.3-32-32.3zM135.4 416H69V202.2h66.5V416zm-33.2-243c-21.3 0-38.5-17.3-38.5-38.5S80.9 96 102.2 96c21.2 0 38.5 17.3 38.5 38.5 0 21.3-17.2 38.5-38.5 38.5zm282.1 243h-66.4V312c0-24.8-.5-56.7-34.5-56.7-34.6 0-39.9 27-39.9 54.9V416h-66.4V202.2h63.7v29.2h.9c8.9-16.8 30.6-34.5 62.9-34.5 67.2 0 79.7 44.3 79.7 101.9V416z\"><\/path><\/svg>\t\t\t\t\t<\/a>\n\t\t\t\t<\/span>\n\t\t\t\t\t<\/div>\n\t\t\t\t<\/div>\n\t\t\t\t<\/div>\n\t\t\t\t\t<\/div>\n\t\t\t\t<\/div>\n\t\t\t\t<\/div>","protected":false},"excerpt":{"rendered":"<p>Succes Formular trimis cu succes \u00ce\u021bi mul\u021bumim! Vom reveni c\u0103tre tine \u00een cel mai scurt timp posibil Urm\u0103re\u0219te-ne pe Facebook Instagram Linkedin<\/p>","protected":false},"author":2,"featured_media":0,"parent":0,"menu_order":0,"comment_status":"closed","ping_status":"closed","template":"","meta":{"footnotes":""},"class_list":["post-2105","page","type-page","status-publish","hentry"],"acf":[],"yoast_head":"<!-- This site is optimized with the Yoast SEO Premium plugin v22.4 (Yoast SEO v23.8) - https:\/\/yoast.com\/wordpress\/plugins\/seo\/ -->\n<title>Succes formular &#8212; Zafit<\/title>\n<meta name=\"robots\" content=\"index, follow, max-snippet:-1, max-image-preview:large, max-video-preview:-1\" \/>\n<link rel=\"canonical\" href=\"https:\/\/zafit.ro\/en\/succes-formular\/\" \/>\n<meta property=\"og:locale\" content=\"en_US\" \/>\n<meta property=\"og:type\" content=\"article\" \/>\n<meta property=\"og:title\" content=\"Succes formular\" \/>\n<meta property=\"og:description\" content=\"Succes Formular trimis cu succes \u00ce\u021bi mul\u021bumim! Vom reveni c\u0103tre tine \u00een cel mai scurt timp posibil Urm\u0103re\u0219te-ne pe Facebook Instagram Linkedin\" \/>\n<meta property=\"og:url\" content=\"https:\/\/zafit.ro\/en\/succes-formular\/\" \/>\n<meta property=\"og:site_name\" content=\"Zafit\" \/>\n<meta property=\"article:publisher\" content=\"https:\/\/www.facebook.com\/zafit.ro\/\" \/>\n<meta property=\"article:modified_time\" content=\"2024-05-06T06:13:40+00:00\" \/>\n<meta property=\"og:image\" content=\"https:\/\/zafit.ro\/wp-content\/uploads\/2024\/04\/Zafit_SiteImage.png\" \/>\n\t<meta property=\"og:image:width\" content=\"2000\" \/>\n\t<meta property=\"og:image:height\" content=\"1387\" \/>\n\t<meta property=\"og:image:type\" content=\"image\/png\" \/>\n<meta name=\"twitter:card\" content=\"summary_large_image\" \/>\n<meta name=\"twitter:label1\" content=\"Est. reading time\" \/>\n\t<meta name=\"twitter:data1\" content=\"1 minute\" \/>\n<script type=\"application\/ld+json\" class=\"yoast-schema-graph\">{\"@context\":\"https:\/\/schema.org\",\"@graph\":[{\"@type\":\"WebPage\",\"@id\":\"https:\/\/zafit.ro\/succes-formular\/\",\"url\":\"https:\/\/zafit.ro\/succes-formular\/\",\"name\":\"Succes formular &#8212; Zafit\",\"isPartOf\":{\"@id\":\"https:\/\/zafit.ro\/#website\"},\"datePublished\":\"2024-01-20T07:18:44+00:00\",\"dateModified\":\"2024-05-06T06:13:40+00:00\",\"breadcrumb\":{\"@id\":\"https:\/\/zafit.ro\/succes-formular\/#breadcrumb\"},\"inLanguage\":\"en-US\",\"potentialAction\":[{\"@type\":\"ReadAction\",\"target\":[\"https:\/\/zafit.ro\/succes-formular\/\"]}]},{\"@type\":\"BreadcrumbList\",\"@id\":\"https:\/\/zafit.ro\/succes-formular\/#breadcrumb\",\"itemListElement\":[{\"@type\":\"ListItem\",\"position\":1,\"name\":\"Home\",\"item\":\"https:\/\/zafit.ro\/\"},{\"@type\":\"ListItem\",\"position\":2,\"name\":\"Succes formular\"}]},{\"@type\":\"WebSite\",\"@id\":\"https:\/\/zafit.ro\/#website\",\"url\":\"https:\/\/zafit.ro\/\",\"name\":\"Zafit\",\"description\":\"Stress free fit out\",\"publisher\":{\"@id\":\"https:\/\/zafit.ro\/#organization\"},\"potentialAction\":[{\"@type\":\"SearchAction\",\"target\":{\"@type\":\"EntryPoint\",\"urlTemplate\":\"https:\/\/zafit.ro\/?s={search_term_string}\"},\"query-input\":{\"@type\":\"PropertyValueSpecification\",\"valueRequired\":true,\"valueName\":\"search_term_string\"}}],\"inLanguage\":\"en-US\"},{\"@type\":\"Organization\",\"@id\":\"https:\/\/zafit.ro\/#organization\",\"name\":\"Zafit\",\"alternateName\":\"Zafit\",\"url\":\"https:\/\/zafit.ro\/\",\"logo\":{\"@type\":\"ImageObject\",\"inLanguage\":\"en-US\",\"@id\":\"https:\/\/zafit.ro\/#\/schema\/logo\/image\/\",\"url\":\"https:\/\/zafit.ro\/wp-content\/uploads\/2024\/04\/Zafit_Site_Logo.png\",\"contentUrl\":\"https:\/\/zafit.ro\/wp-content\/uploads\/2024\/04\/Zafit_Site_Logo.png\",\"width\":2000,\"height\":2000,\"caption\":\"Zafit\"},\"image\":{\"@id\":\"https:\/\/zafit.ro\/#\/schema\/logo\/image\/\"},\"sameAs\":[\"https:\/\/www.facebook.com\/zafit.ro\/\",\"https:\/\/www.instagram.com\/zafit.ro\/\"],\"description\":\"Suntem o companie de fit out cu experien\u021b\u0103, care ofer\u0103 servicii complete pentru birouri \u0219i spa\u021bii comerciale.\",\"email\":\"office@zafit.ro\",\"telephone\":\"+40 771 428 170\",\"legalName\":\"Zafit SRL\"}]}<\/script>\n<!-- \/ Yoast SEO Premium plugin. -->","yoast_head_json":{"title":"Succes formular &#8212; Zafit","robots":{"index":"index","follow":"follow","max-snippet":"max-snippet:-1","max-image-preview":"max-image-preview:large","max-video-preview":"max-video-preview:-1"},"canonical":"https:\/\/zafit.ro\/en\/succes-formular\/","og_locale":"en_US","og_type":"article","og_title":"Succes formular","og_description":"Succes Formular trimis cu succes \u00ce\u021bi mul\u021bumim! Vom reveni c\u0103tre tine \u00een cel mai scurt timp posibil Urm\u0103re\u0219te-ne pe Facebook Instagram Linkedin","og_url":"https:\/\/zafit.ro\/en\/succes-formular\/","og_site_name":"Zafit","article_publisher":"https:\/\/www.facebook.com\/zafit.ro\/","article_modified_time":"2024-05-06T06:13:40+00:00","og_image":[{"width":2000,"height":1387,"url":"https:\/\/zafit.ro\/wp-content\/uploads\/2024\/04\/Zafit_SiteImage.png","type":"image\/png"}],"twitter_card":"summary_large_image","twitter_misc":{"Est. reading time":"1 minute"},"schema":{"@context":"https:\/\/schema.org","@graph":[{"@type":"WebPage","@id":"https:\/\/zafit.ro\/succes-formular\/","url":"https:\/\/zafit.ro\/succes-formular\/","name":"Succes formular &#8212; Zafit","isPartOf":{"@id":"https:\/\/zafit.ro\/#website"},"datePublished":"2024-01-20T07:18:44+00:00","dateModified":"2024-05-06T06:13:40+00:00","breadcrumb":{"@id":"https:\/\/zafit.ro\/succes-formular\/#breadcrumb"},"inLanguage":"en-US","potentialAction":[{"@type":"ReadAction","target":["https:\/\/zafit.ro\/succes-formular\/"]}]},{"@type":"BreadcrumbList","@id":"https:\/\/zafit.ro\/succes-formular\/#breadcrumb","itemListElement":[{"@type":"ListItem","position":1,"name":"Home","item":"https:\/\/zafit.ro\/"},{"@type":"ListItem","position":2,"name":"Succes formular"}]},{"@type":"WebSite","@id":"https:\/\/zafit.ro\/#website","url":"https:\/\/zafit.ro\/","name":"Zafit","description":"Stress free fit out","publisher":{"@id":"https:\/\/zafit.ro\/#organization"},"potentialAction":[{"@type":"SearchAction","target":{"@type":"EntryPoint","urlTemplate":"https:\/\/zafit.ro\/?s={search_term_string}"},"query-input":{"@type":"PropertyValueSpecification","valueRequired":true,"valueName":"search_term_string"}}],"inLanguage":"en-US"},{"@type":"Organization","@id":"https:\/\/zafit.ro\/#organization","name":"Zafit","alternateName":"Zafit","url":"https:\/\/zafit.ro\/","logo":{"@type":"ImageObject","inLanguage":"en-US","@id":"https:\/\/zafit.ro\/#\/schema\/logo\/image\/","url":"https:\/\/zafit.ro\/wp-content\/uploads\/2024\/04\/Zafit_Site_Logo.png","contentUrl":"https:\/\/zafit.ro\/wp-content\/uploads\/2024\/04\/Zafit_Site_Logo.png","width":2000,"height":2000,"caption":"Zafit"},"image":{"@id":"https:\/\/zafit.ro\/#\/schema\/logo\/image\/"},"sameAs":["https:\/\/www.facebook.com\/zafit.ro\/","https:\/\/www.instagram.com\/zafit.ro\/"],"description":"Suntem o companie de fit out cu experien\u021b\u0103, care ofer\u0103 servicii complete pentru birouri \u0219i spa\u021bii comerciale.","email":"office@zafit.ro","telephone":"+40 771 428 170","legalName":"Zafit SRL"}]}},"_links":{"self":[{"href":"https:\/\/zafit.ro\/en\/wp-json\/wp\/v2\/pages\/2105"}],"collection":[{"href":"https:\/\/zafit.ro\/en\/wp-json\/wp\/v2\/pages"}],"about":[{"href":"https:\/\/zafit.ro\/en\/wp-json\/wp\/v2\/types\/page"}],"author":[{"embeddable":true,"href":"https:\/\/zafit.ro\/en\/wp-json\/wp\/v2\/users\/2"}],"replies":[{"embeddable":true,"href":"https:\/\/zafit.ro\/en\/wp-json\/wp\/v2\/comments?post=2105"}],"version-history":[{"count":6,"href":"https:\/\/zafit.ro\/en\/wp-json\/wp\/v2\/pages\/2105\/revisions"}],"predecessor-version":[{"id":4505,"href":"https:\/\/zafit.ro\/en\/wp-json\/wp\/v2\/pages\/2105\/revisions\/4505"}],"wp:attachment":[{"href":"https:\/\/zafit.ro\/en\/wp-json\/wp\/v2\/media?parent=2105"}],"curies":[{"name":"wp","href":"https:\/\/api.w.org\/{rel}","templated":true}]}}