{"id":1943,"date":"2024-01-18T06:40:07","date_gmt":"2024-01-18T06:40:07","guid":{"rendered":"https:\/\/zafit.ro\/?page_id=1943"},"modified":"2024-03-26T17:23:29","modified_gmt":"2024-03-26T17:23:29","slug":"politica-de-cookies","status":"publish","type":"page","link":"https:\/\/zafit.ro\/en\/politica-de-cookies\/","title":{"rendered":"Our cookie policy"},"content":{"rendered":"<div data-elementor-type=\"wp-page\" data-elementor-id=\"1943\" class=\"elementor elementor-1943\" data-elementor-post-type=\"page\">\n\t\t\t\t<div class=\"elementor-element elementor-element-47bd9aa e-flex e-con-boxed e-con e-parent\" data-id=\"47bd9aa\" data-element_type=\"container\" data-settings=\"{&quot;_ob_use_container_extras&quot;:&quot;no&quot;,&quot;_ob_column_hoveranimator&quot;:&quot;no&quot;,&quot;_ob_glider_is_slider&quot;:&quot;no&quot;,&quot;_ob_column_has_pseudo&quot;:&quot;no&quot;}\">\n\t\t\t\t\t<div class=\"e-con-inner\">\n\t\t\t\t<div class=\"elementor-element elementor-element-28cc209 ob-harakiri-inherit ob-has-background-overlay elementor-widget elementor-widget-text-editor\" data-id=\"28cc209\" data-element_type=\"widget\" data-settings=\"{&quot;_ob_use_harakiri&quot;:&quot;yes&quot;,&quot;_ob_harakiri_writing_mode&quot;:&quot;inherit&quot;,&quot;_ob_postman_use&quot;:&quot;no&quot;,&quot;_ob_widget_stalker_use&quot;:&quot;no&quot;,&quot;_ob_poopart_use&quot;:&quot;yes&quot;,&quot;_ob_shadough_use&quot;:&quot;no&quot;,&quot;_ob_allow_hoveranimator&quot;:&quot;no&quot;}\" data-widget_type=\"text-editor.default\">\n\t\t\t\t<div class=\"elementor-widget-container\">\n\t\t\t\t\t\t\t<div id=\"en\" class=\"tab-content translations-content-item en visible\">\n<p><span style=\"vertical-align: inherit;\"><span style=\"vertical-align: inherit;\">Ultima actualizare: 26 martie 2024<\/span><\/span><\/p>\n<p><span style=\"vertical-align: inherit;\"><span style=\"vertical-align: inherit;\">Aceast\u0103 Politic\u0103 privind modulele cookie explic\u0103 ce sunt modulele cookie \u0219i cum le folosim. <\/span><span style=\"vertical-align: inherit;\">Ar trebui s\u0103 citi\u021bi aceast\u0103 politic\u0103 pentru a putea \u00een\u021belege ce tip de cookie-uri folosim sau informa\u021biile pe care le colect\u0103m folosind cookie-uri \u0219i cum sunt utilizate acele informa\u021bii. <\/span><span style=\"vertical-align: inherit;\">Aceast\u0103 politic\u0103 de cookie-uri a fost creat\u0103 cu ajutorul <\/span><\/span><a href=\"https:\/\/www.privacypolicies.com\/cookies-policy-generator\/\" target=\"_blank\" rel=\"noopener\"><span style=\"vertical-align: inherit;\"><span style=\"vertical-align: inherit;\">generatorului de politici cookie<\/span><\/span><\/a><span style=\"vertical-align: inherit;\"><span style=\"vertical-align: inherit;\"> .<\/span><\/span><\/p>\n<p><span style=\"vertical-align: inherit;\"><span style=\"vertical-align: inherit;\">Cookie-urile nu con\u021bin de obicei nicio informa\u021bie care identific\u0103 personal un utilizator, dar informa\u021biile personale pe care le stoc\u0103m despre dvs. pot fi legate de informa\u021biile stocate \u0219i ob\u021binute din module cookie. <\/span><span style=\"vertical-align: inherit;\">Pentru mai multe informa\u021bii despre cum folosim, stoc\u0103m \u0219i p\u0103str\u0103m datele dumneavoastr\u0103 personale \u00een siguran\u021b\u0103, consulta\u021bi Politica noastr\u0103 de confiden\u021bialitate.<\/span><\/span><\/p>\n<p><span style=\"vertical-align: inherit;\"><span style=\"vertical-align: inherit;\">Nu stoc\u0103m informa\u021bii personale sensibile, cum ar fi adrese po\u0219tale, parole de cont etc. \u00een modulele cookie pe care le folosim.<\/span><\/span><\/p>\n<h2><span style=\"vertical-align: inherit;\"><span style=\"vertical-align: inherit;\">Interpretare \u0219i defini\u021bii<\/span><\/span><\/h2>\n<h3><span style=\"vertical-align: inherit;\"><span style=\"vertical-align: inherit;\">Interpretare<\/span><\/span><\/h3>\n<p><span style=\"vertical-align: inherit;\"><span style=\"vertical-align: inherit;\">Cuvintele a c\u0103ror litera ini\u021bial\u0103 este scris\u0103 cu majuscule au semnifica\u021bii definite \u00een urm\u0103toarele condi\u021bii. <\/span><span style=\"vertical-align: inherit;\">Urm\u0103toarele defini\u021bii vor avea acela\u0219i \u00een\u021beles, indiferent dac\u0103 apar la singular sau la plural.<\/span><\/span><\/p>\n<h3><span style=\"vertical-align: inherit;\"><span style=\"vertical-align: inherit;\">Defini\u021bii<\/span><\/span><\/h3>\n<p><span style=\"vertical-align: inherit;\"><span style=\"vertical-align: inherit;\">\u00cen scopul acestei Politici privind cookie-urile:<\/span><\/span><\/p>\n<ul>\n<li><strong><span style=\"vertical-align: inherit;\"><span style=\"vertical-align: inherit;\">Compania<\/span><\/span><\/strong><span style=\"vertical-align: inherit;\"><span style=\"vertical-align: inherit;\"> (denumit\u0103 fie \u201eCompania\u201d, \u201eNoi\u201d, \u201eNoi\u201d sau \u201eNostru\u201d \u00een aceast\u0103 Politic\u0103 privind cookie-urile) se refer\u0103 la ZAFIT SRL, Str. <\/span><span style=\"vertical-align: inherit;\">Miron Barnovschi, nr. <\/span><span style=\"vertical-align: inherit;\">1, sat. <\/span><span style=\"vertical-align: inherit;\">Uricani, com. <\/span><span style=\"vertical-align: inherit;\">Miroslava, jud. <\/span><span style=\"vertical-align: inherit;\">Iasi.<\/span><\/span><\/li>\n<li><strong><span style=\"vertical-align: inherit;\"><span style=\"vertical-align: inherit;\">Cookies<\/span><\/span><\/strong><span style=\"vertical-align: inherit;\"><span style=\"vertical-align: inherit;\"> \u00eenseamn\u0103 fi\u0219iere mici care sunt plasate pe computerul dvs., dispozitivul mobil sau orice alt dispozitiv de c\u0103tre un site web, care con\u021bin detalii despre istoricul dvs. de navigare pe acel site, printre numeroasele sale utiliz\u0103ri.<\/span><\/span><\/li>\n<li><strong><span style=\"vertical-align: inherit;\"><span style=\"vertical-align: inherit;\">Site-ul<\/span><\/span><\/strong><span style=\"vertical-align: inherit;\"><span style=\"vertical-align: inherit;\"> se refer\u0103 la Zafit, accesibil de pe <\/span><\/span><a href=\"https:\/\/zafit.ro\/en\/\" target=\"_blank\" rel=\"external nofollow noopener\"><span style=\"vertical-align: inherit;\"><span style=\"vertical-align: inherit;\">https:\/\/zafit.ro<\/span><\/span><\/a><\/li>\n<li><strong><span style=\"vertical-align: inherit;\"><span style=\"vertical-align: inherit;\">\u00censeamn\u0103<\/span><\/span><\/strong><span style=\"vertical-align: inherit;\"><span style=\"vertical-align: inherit;\"> persoana care acceseaz\u0103 sau folose\u0219te site-ul web, sau o companie sau orice entitate juridic\u0103 \u00een numele c\u0103reia respectiva persoan\u0103 acceseaz\u0103 sau folose\u0219te site-ul web, dup\u0103 caz.<br><br><\/span><\/span><\/li>\n<\/ul>\n<h2><span style=\"vertical-align: inherit;\"><span style=\"vertical-align: inherit;\">Utilizarea Cookie-urilor<\/span><\/span><\/h2>\n<h3><span style=\"vertical-align: inherit;\"><span style=\"vertical-align: inherit;\">Tipul de cookie-uri pe care le folosim<\/span><\/span><\/h3>\n<p><span style=\"vertical-align: inherit;\"><span style=\"vertical-align: inherit;\">Cookie-urile pot fi cookie-uri \u201epersistente\u201d sau \u201ede sesiune\u201d. <\/span><span style=\"vertical-align: inherit;\">Cookie-urile persistente r\u0103m\u00e2n pe computerul dumneavoastr\u0103 personal sau pe dispozitivul mobil atunci c\u00e2nd sunte\u021bi offline, \u00een timp ce modulele cookie de sesiune sunt \u0219terse imediat ce v\u0103 \u00eenchide\u021bi browserul web.<\/span><\/span><\/p>\n<p><span style=\"vertical-align: inherit;\"><span style=\"vertical-align: inherit;\">Folosim at\u00e2t cookie-uri de sesiune, c\u00e2t \u0219i cookie-uri persistente \u00een scopurile prezentate mai jos:<br><br><\/span><\/span><\/p>\n<ul>\n<li>\n<p><strong><span style=\"vertical-align: inherit;\"><span style=\"vertical-align: inherit;\">Cookie-uri necesare\/esen\u021biale<\/span><\/span><\/strong><\/p>\n<p><span style=\"vertical-align: inherit;\"><span style=\"vertical-align: inherit;\">Tip: Cookie-uri de sesiune<\/span><\/span><\/p>\n<p><span style=\"vertical-align: inherit;\"><span style=\"vertical-align: inherit;\">Administrat de: Noi<\/span><\/span><\/p>\n<p><span style=\"vertical-align: inherit;\"><span style=\"vertical-align: inherit;\">Scop: Aceste cookie-uri sunt esen\u021biale pentru a v\u0103 oferi servicii disponibile prin intermediul site-ului web \u0219i pentru a v\u0103 permite s\u0103 utiliza\u021bi unele dintre caracteristicile acestuia. <\/span><span style=\"vertical-align: inherit;\">Acestea ajut\u0103 la autentificarea utilizatorilor \u0219i la prevenirea utiliz\u0103rii frauduloase a conturilor de utilizator. <\/span><span style=\"vertical-align: inherit;\">F\u0103r\u0103 aceste module cookie, serviciile pe care le-a\u021bi solicitat nu pot fi furnizate, iar noi folosim aceste module cookie doar pentru a v\u0103 oferi acele servicii.<br><br><\/span><\/span><\/p>\n<\/li>\n<li>\n<p><strong><span style=\"vertical-align: inherit;\"><span style=\"vertical-align: inherit;\">Cookie-uri de func\u021bionalitate<\/span><\/span><\/strong><\/p>\n<p><span style=\"vertical-align: inherit;\"><span style=\"vertical-align: inherit;\">Tip: Cookie-uri persistente<\/span><\/span><\/p>\n<p><span style=\"vertical-align: inherit;\"><span style=\"vertical-align: inherit;\">Administrat de: Noi<\/span><\/span><\/p>\n<p><span style=\"vertical-align: inherit;\"><span style=\"vertical-align: inherit;\">Scop: Aceste module cookie ne permit s\u0103 ne amintim alegerile pe care le face\u021bi atunci c\u00e2nd utiliza\u021bi site-ul web, cum ar fi amintirea detaliilor dvs. de conectare sau preferin\u021ba de limb\u0103. <\/span><span style=\"vertical-align: inherit;\">Scopul acestor cookie-uri este de a v\u0103 oferi o experien\u021b\u0103 mai personal\u0103 \u0219i de a evita s\u0103 fi\u021bi nevoit s\u0103 v\u0103 reintroduce\u021bi preferin\u021bele de fiecare dat\u0103 c\u00e2nd utiliza\u021bi site-ul web.<br><br><\/span><\/span><\/p>\n<\/li>\n<\/ul>\n<h3><span style=\"vertical-align: inherit;\"><span style=\"vertical-align: inherit;\">Alegerile dvs. cu privire la cookie-uri<\/span><\/span><\/h3>\n<p><span style=\"vertical-align: inherit;\"><span style=\"vertical-align: inherit;\">Dac\u0103 prefera\u021bi s\u0103 evita\u021bi utilizarea cookie-urilor pe site-ul web, mai \u00eent\u00e2i trebuie s\u0103 dezactiva\u021bi utilizarea cookie-urilor \u00een browser-ul dvs. \u0219i apoi s\u0103 \u0219terge\u021bi cookie-urile salvate \u00een browser-ul asociat cu acest site web. <\/span><span style=\"vertical-align: inherit;\">Pute\u021bi utiliza aceast\u0103 op\u021biune pentru a preveni utilizarea cookie-urilor \u00een orice moment.<\/span><\/span><\/p>\n<p><span style=\"vertical-align: inherit;\"><span style=\"vertical-align: inherit;\">Dac\u0103 nu accepta\u021bi cookie-urile noastre, este posibil s\u0103 \u00eent\u00e2mpina\u021bi unele inconveniente \u00een utilizarea site-ului web \u0219i este posibil ca unele func\u021bii s\u0103 nu func\u021bioneze corect.<\/span><\/span><\/p>\n<p><span style=\"vertical-align: inherit;\"><span style=\"vertical-align: inherit;\">Dac\u0103 dori\u021bi s\u0103 \u0219terge\u021bi module cookie sau s\u0103 solicita\u021bi browserului dumneavoastr\u0103 web s\u0103 \u0219terge sau s\u0103 refuze modulele cookie, v\u0103 rug\u0103m s\u0103 vizita\u021bi paginile de ajutor ale browserului dumneavoastr\u0103 web.<br><br><\/span><\/span><\/p>\n<ul>\n<li>\n<p><span style=\"vertical-align: inherit;\"><span style=\"vertical-align: inherit;\">Pentru browserul web Chrome, v\u0103 rug\u0103m s\u0103 vizita\u021bi aceast\u0103 pagin\u0103 de la Google: <\/span><\/span><a href=\"https:\/\/support.google.com\/accounts\/answer\/32050\" target=\"_blank\" rel=\"external nofollow noopener\"><span style=\"vertical-align: inherit;\"><span style=\"vertical-align: inherit;\">https:\/\/support.google.com\/accounts\/answer\/32050<\/span><\/span><\/a><\/p>\n<\/li>\n<li>\n<p><span style=\"vertical-align: inherit;\"><span style=\"vertical-align: inherit;\">Pentru browserul web Internet Explorer, v\u0103 rug\u0103m s\u0103 vizita\u021bi aceast\u0103 pagin\u0103 de la Microsoft: <\/span><\/span><a href=\"http:\/\/support.microsoft.com\/kb\/278835\" target=\"_blank\" rel=\"external nofollow noopener\"><span style=\"vertical-align: inherit;\"><span style=\"vertical-align: inherit;\">http:\/\/support.microsoft.com\/kb\/278835<\/span><\/span><\/a><\/p>\n<\/li>\n<li>\n<p><span style=\"vertical-align: inherit;\"><span style=\"vertical-align: inherit;\">Pentru browserul web Firefox, v\u0103 rug\u0103m s\u0103 vizita\u021bi aceast\u0103 pagin\u0103 de la Mozilla: <\/span><\/span><a href=\"https:\/\/support.mozilla.org\/en-US\/kb\/delete-cookies-remove-info-websites-stored\" target=\"_blank\" rel=\"external nofollow noopener\"><span style=\"vertical-align: inherit;\"><span style=\"vertical-align: inherit;\">https:\/\/support.mozilla.org\/en-US\/kb\/delete-cookies-remove-info-websites-stored<\/span><\/span><\/a><\/p>\n<\/li>\n<li>\n<p><span style=\"vertical-align: inherit;\"><span style=\"vertical-align: inherit;\">Pentru browserul web Safari, v\u0103 rug\u0103m s\u0103 vizita\u021bi aceast\u0103 pagin\u0103 de la Apple: <\/span><\/span><a href=\"https:\/\/support.apple.com\/guide\/safari\/manage-cookies-and-website-data-sfri11471\/mac\" target=\"_blank\" rel=\"external nofollow noopener\"><span style=\"vertical-align: inherit;\"><span style=\"vertical-align: inherit;\">https:\/\/support.apple.com\/guide\/safari\/manage-cookies-and-website-data-sfri11471\/mac<\/span><\/span><\/a><br><br><\/p>\n<\/li>\n<\/ul>\n<p><span style=\"vertical-align: inherit;\"><span style=\"vertical-align: inherit;\">Pentru orice alt browser web, v\u0103 rug\u0103m s\u0103 vizita\u021bi paginile web oficiale ale browserului dvs. web.<\/span><\/span><\/p>\n<h3><span style=\"vertical-align: inherit;\"><span style=\"vertical-align: inherit;\">Mai multe informa\u021bii despre cookie-uri<\/span><\/span><\/h3>\n<p><span style=\"vertical-align: inherit;\"><span style=\"vertical-align: inherit;\">Pute\u021bi afla mai multe despre cookie-uri: <\/span><\/span><a href=\"https:\/\/www.privacypolicies.com\/blog\/cookies\/\" target=\"_blank\" rel=\"noopener\"><span style=\"vertical-align: inherit;\"><span style=\"vertical-align: inherit;\">Ce sunt cookie-urile? <\/span><\/span><\/a><span style=\"vertical-align: inherit;\"><span style=\"vertical-align: inherit;\">.<\/span><\/span><\/p>\n<h3><span style=\"vertical-align: inherit;\"><span style=\"vertical-align: inherit;\">Contacta\u0163i-ne<\/span><\/span><\/h3>\n<p><span style=\"vertical-align: inherit;\"><span style=\"vertical-align: inherit;\">Dac\u0103 ave\u021bi \u00eentreb\u0103ri despre aceast\u0103 politic\u0103 privind cookie-urile, ne pute\u021bi contacta:<\/span><\/span><\/p>\n<ul>\n<li>\n<p><span style=\"vertical-align: inherit;\"><span style=\"vertical-align: inherit;\">Pe email: <\/span><\/span><span style=\"vertical-align: inherit;\"><span style=\"vertical-align: inherit;\">office@zafit.ro<\/span><\/span><\/p>\n<\/li>\n<li>\n<p><span style=\"vertical-align: inherit;\"><span style=\"vertical-align: inherit;\">Vizit\u00e2nd aceast\u0103 pagin\u0103 de pe site-ul nostru: <\/span><\/span><a href=\"https:\/\/zafit.ro\/en\/contact\/\" target=\"_blank\" rel=\"external nofollow noopener\"><span style=\"vertical-align: inherit;\"><span style=\"vertical-align: inherit;\">https:\/\/zafit.ro\/contact<\/span><\/span><\/a><\/p>\n<\/li>\n<\/ul>\n<\/div>\t\t\t\t\t\t<\/div>\n\t\t\t\t<\/div>\n\t\t\t\t\t<\/div>\n\t\t\t\t<\/div>\n\t\t\t\t<\/div>","protected":false},"excerpt":{"rendered":"<p>Ultima actualizare: 26 martie 2024 Aceast\u0103 Politic\u0103 privind modulele cookie explic\u0103 ce sunt modulele cookie \u0219i cum le folosim. Ar trebui s\u0103 citi\u021bi aceast\u0103 politic\u0103 pentru a putea \u00een\u021belege ce tip de cookie-uri folosim sau informa\u021biile pe care le colect\u0103m folosind cookie-uri \u0219i cum sunt utilizate acele informa\u021bii. Aceast\u0103 politic\u0103 de cookie-uri a fost creat\u0103 [&hellip;]<\/p>","protected":false},"author":2,"featured_media":0,"parent":0,"menu_order":0,"comment_status":"closed","ping_status":"closed","template":"","meta":{"footnotes":""},"class_list":["post-1943","page","type-page","status-publish","hentry"],"acf":[],"yoast_head":"<!-- This site is optimized with the Yoast SEO Premium plugin v22.4 (Yoast SEO v23.8) - https:\/\/yoast.com\/wordpress\/plugins\/seo\/ -->\n<title>Politic\u0103 de cookies &#8212; Zafit<\/title>\n<meta name=\"robots\" content=\"index, follow, max-snippet:-1, max-image-preview:large, max-video-preview:-1\" \/>\n<link rel=\"canonical\" href=\"https:\/\/zafit.ro\/en\/politica-de-cookies\/\" \/>\n<meta property=\"og:locale\" content=\"en_US\" \/>\n<meta property=\"og:type\" content=\"article\" \/>\n<meta property=\"og:title\" content=\"Politic\u0103 de cookies\" \/>\n<meta property=\"og:description\" content=\"Ultima actualizare: 26 martie 2024 Aceast\u0103 Politic\u0103 privind modulele cookie explic\u0103 ce sunt modulele cookie \u0219i cum le folosim. Ar trebui s\u0103 citi\u021bi aceast\u0103 politic\u0103 pentru a putea \u00een\u021belege ce tip de cookie-uri folosim sau informa\u021biile pe care le colect\u0103m folosind cookie-uri \u0219i cum sunt utilizate acele informa\u021bii. Aceast\u0103 politic\u0103 de cookie-uri a fost creat\u0103 [&hellip;]\" \/>\n<meta property=\"og:url\" content=\"https:\/\/zafit.ro\/en\/politica-de-cookies\/\" \/>\n<meta property=\"og:site_name\" content=\"Zafit\" \/>\n<meta property=\"article:publisher\" content=\"https:\/\/www.facebook.com\/zafit.ro\/\" \/>\n<meta property=\"article:modified_time\" content=\"2024-03-26T17:23:29+00:00\" \/>\n<meta property=\"og:image\" content=\"https:\/\/zafit.ro\/wp-content\/uploads\/2024\/04\/Zafit_SiteImage.png\" \/>\n\t<meta property=\"og:image:width\" content=\"2000\" \/>\n\t<meta property=\"og:image:height\" content=\"1387\" \/>\n\t<meta property=\"og:image:type\" content=\"image\/png\" \/>\n<meta name=\"twitter:card\" content=\"summary_large_image\" \/>\n<meta name=\"twitter:label1\" content=\"Est. reading time\" \/>\n\t<meta name=\"twitter:data1\" content=\"4 minutes\" \/>\n<script type=\"application\/ld+json\" class=\"yoast-schema-graph\">{\"@context\":\"https:\/\/schema.org\",\"@graph\":[{\"@type\":\"WebPage\",\"@id\":\"https:\/\/zafit.ro\/politica-de-cookies\/\",\"url\":\"https:\/\/zafit.ro\/politica-de-cookies\/\",\"name\":\"Politic\u0103 de cookies &#8212; Zafit\",\"isPartOf\":{\"@id\":\"https:\/\/zafit.ro\/#website\"},\"datePublished\":\"2024-01-18T06:40:07+00:00\",\"dateModified\":\"2024-03-26T17:23:29+00:00\",\"breadcrumb\":{\"@id\":\"https:\/\/zafit.ro\/politica-de-cookies\/#breadcrumb\"},\"inLanguage\":\"en-US\",\"potentialAction\":[{\"@type\":\"ReadAction\",\"target\":[\"https:\/\/zafit.ro\/politica-de-cookies\/\"]}]},{\"@type\":\"BreadcrumbList\",\"@id\":\"https:\/\/zafit.ro\/politica-de-cookies\/#breadcrumb\",\"itemListElement\":[{\"@type\":\"ListItem\",\"position\":1,\"name\":\"Home\",\"item\":\"https:\/\/zafit.ro\/\"},{\"@type\":\"ListItem\",\"position\":2,\"name\":\"Politic\u0103 de cookies\"}]},{\"@type\":\"WebSite\",\"@id\":\"https:\/\/zafit.ro\/#website\",\"url\":\"https:\/\/zafit.ro\/\",\"name\":\"Zafit\",\"description\":\"Stress free fit out\",\"publisher\":{\"@id\":\"https:\/\/zafit.ro\/#organization\"},\"potentialAction\":[{\"@type\":\"SearchAction\",\"target\":{\"@type\":\"EntryPoint\",\"urlTemplate\":\"https:\/\/zafit.ro\/?s={search_term_string}\"},\"query-input\":{\"@type\":\"PropertyValueSpecification\",\"valueRequired\":true,\"valueName\":\"search_term_string\"}}],\"inLanguage\":\"en-US\"},{\"@type\":\"Organization\",\"@id\":\"https:\/\/zafit.ro\/#organization\",\"name\":\"Zafit\",\"alternateName\":\"Zafit\",\"url\":\"https:\/\/zafit.ro\/\",\"logo\":{\"@type\":\"ImageObject\",\"inLanguage\":\"en-US\",\"@id\":\"https:\/\/zafit.ro\/#\/schema\/logo\/image\/\",\"url\":\"https:\/\/zafit.ro\/wp-content\/uploads\/2024\/04\/Zafit_Site_Logo.png\",\"contentUrl\":\"https:\/\/zafit.ro\/wp-content\/uploads\/2024\/04\/Zafit_Site_Logo.png\",\"width\":2000,\"height\":2000,\"caption\":\"Zafit\"},\"image\":{\"@id\":\"https:\/\/zafit.ro\/#\/schema\/logo\/image\/\"},\"sameAs\":[\"https:\/\/www.facebook.com\/zafit.ro\/\",\"https:\/\/www.instagram.com\/zafit.ro\/\"],\"description\":\"Suntem o companie de fit out cu experien\u021b\u0103, care ofer\u0103 servicii complete pentru birouri \u0219i spa\u021bii comerciale.\",\"email\":\"office@zafit.ro\",\"telephone\":\"+40 771 428 170\",\"legalName\":\"Zafit SRL\"}]}<\/script>\n<!-- \/ Yoast SEO Premium plugin. -->","yoast_head_json":{"title":"Politic\u0103 de cookies &#8212; Zafit","robots":{"index":"index","follow":"follow","max-snippet":"max-snippet:-1","max-image-preview":"max-image-preview:large","max-video-preview":"max-video-preview:-1"},"canonical":"https:\/\/zafit.ro\/en\/politica-de-cookies\/","og_locale":"en_US","og_type":"article","og_title":"Politic\u0103 de cookies","og_description":"Ultima actualizare: 26 martie 2024 Aceast\u0103 Politic\u0103 privind modulele cookie explic\u0103 ce sunt modulele cookie \u0219i cum le folosim. Ar trebui s\u0103 citi\u021bi aceast\u0103 politic\u0103 pentru a putea \u00een\u021belege ce tip de cookie-uri folosim sau informa\u021biile pe care le colect\u0103m folosind cookie-uri \u0219i cum sunt utilizate acele informa\u021bii. Aceast\u0103 politic\u0103 de cookie-uri a fost creat\u0103 [&hellip;]","og_url":"https:\/\/zafit.ro\/en\/politica-de-cookies\/","og_site_name":"Zafit","article_publisher":"https:\/\/www.facebook.com\/zafit.ro\/","article_modified_time":"2024-03-26T17:23:29+00:00","og_image":[{"width":2000,"height":1387,"url":"https:\/\/zafit.ro\/wp-content\/uploads\/2024\/04\/Zafit_SiteImage.png","type":"image\/png"}],"twitter_card":"summary_large_image","twitter_misc":{"Est. reading time":"4 minutes"},"schema":{"@context":"https:\/\/schema.org","@graph":[{"@type":"WebPage","@id":"https:\/\/zafit.ro\/politica-de-cookies\/","url":"https:\/\/zafit.ro\/politica-de-cookies\/","name":"Politic\u0103 de cookies &#8212; Zafit","isPartOf":{"@id":"https:\/\/zafit.ro\/#website"},"datePublished":"2024-01-18T06:40:07+00:00","dateModified":"2024-03-26T17:23:29+00:00","breadcrumb":{"@id":"https:\/\/zafit.ro\/politica-de-cookies\/#breadcrumb"},"inLanguage":"en-US","potentialAction":[{"@type":"ReadAction","target":["https:\/\/zafit.ro\/politica-de-cookies\/"]}]},{"@type":"BreadcrumbList","@id":"https:\/\/zafit.ro\/politica-de-cookies\/#breadcrumb","itemListElement":[{"@type":"ListItem","position":1,"name":"Home","item":"https:\/\/zafit.ro\/"},{"@type":"ListItem","position":2,"name":"Politic\u0103 de cookies"}]},{"@type":"WebSite","@id":"https:\/\/zafit.ro\/#website","url":"https:\/\/zafit.ro\/","name":"Zafit","description":"Stress free fit out","publisher":{"@id":"https:\/\/zafit.ro\/#organization"},"potentialAction":[{"@type":"SearchAction","target":{"@type":"EntryPoint","urlTemplate":"https:\/\/zafit.ro\/?s={search_term_string}"},"query-input":{"@type":"PropertyValueSpecification","valueRequired":true,"valueName":"search_term_string"}}],"inLanguage":"en-US"},{"@type":"Organization","@id":"https:\/\/zafit.ro\/#organization","name":"Zafit","alternateName":"Zafit","url":"https:\/\/zafit.ro\/","logo":{"@type":"ImageObject","inLanguage":"en-US","@id":"https:\/\/zafit.ro\/#\/schema\/logo\/image\/","url":"https:\/\/zafit.ro\/wp-content\/uploads\/2024\/04\/Zafit_Site_Logo.png","contentUrl":"https:\/\/zafit.ro\/wp-content\/uploads\/2024\/04\/Zafit_Site_Logo.png","width":2000,"height":2000,"caption":"Zafit"},"image":{"@id":"https:\/\/zafit.ro\/#\/schema\/logo\/image\/"},"sameAs":["https:\/\/www.facebook.com\/zafit.ro\/","https:\/\/www.instagram.com\/zafit.ro\/"],"description":"Suntem o companie de fit out cu experien\u021b\u0103, care ofer\u0103 servicii complete pentru birouri \u0219i spa\u021bii comerciale.","email":"office@zafit.ro","telephone":"+40 771 428 170","legalName":"Zafit SRL"}]}},"_links":{"self":[{"href":"https:\/\/zafit.ro\/en\/wp-json\/wp\/v2\/pages\/1943"}],"collection":[{"href":"https:\/\/zafit.ro\/en\/wp-json\/wp\/v2\/pages"}],"about":[{"href":"https:\/\/zafit.ro\/en\/wp-json\/wp\/v2\/types\/page"}],"author":[{"embeddable":true,"href":"https:\/\/zafit.ro\/en\/wp-json\/wp\/v2\/users\/2"}],"replies":[{"embeddable":true,"href":"https:\/\/zafit.ro\/en\/wp-json\/wp\/v2\/comments?post=1943"}],"version-history":[{"count":0,"href":"https:\/\/zafit.ro\/en\/wp-json\/wp\/v2\/pages\/1943\/revisions"}],"wp:attachment":[{"href":"https:\/\/zafit.ro\/en\/wp-json\/wp\/v2\/media?parent=1943"}],"curies":[{"name":"wp","href":"https:\/\/api.w.org\/{rel}","templated":true}]}}